{"id":112,"date":"2012-07-06T21:48:30","date_gmt":"2012-07-06T21:48:30","guid":{"rendered":"http:\/\/www.palentino.es\/blog\/?page_id=112"},"modified":"2012-08-03T11:59:30","modified_gmt":"2012-08-03T11:59:30","slug":"una-reflexion-diaria","status":"publish","type":"page","link":"https:\/\/www.palentino.es\/blog\/una-reflexion-diaria\/","title":{"rendered":"Una reflexi\u00f3n diaria"},"content":{"rendered":"<p>Reflexi\u00f3n comienzo juegos ol\u00edmpicos: Quien piensa en fracasar, ya fracas\u00f3 antes de intentar, quien piensa en ganar, lleva ya un paso por delante. \u00a027-07-2012<\/p>\n<p>Sigmund Freud<\/p>\n<p>&#8212;&#8212;&#8212;&#8212;&#8212;&#8212;&#8211;<\/p>\n<p>Ense\u00f1ar no es transmitir ideas a otro, sino favorecer que el otro las descubra. (19-07-2012)<\/p>\n<p>Ortega y Gasset.<\/p>\n<p>&#8212;&#8212;&#8212;&#8212;&#8212;&#8212;&#8212;<\/p>\n<p>Tan equivocado es creerse m\u00e1s que nadie, como sentirse menos que los dem\u00e1s. (17-07-2012). Frase de mi amigo Sergio.<\/p>\n<p>&#8212;&#8212;&#8212;&#8212;&#8212;&#8212;&#8212;-<\/p>\n<p>&nbsp;<\/p>\n<p>Cuando est\u00e1s arriba, tus amigos saben qui\u00e9n eres &#8230;<\/p>\n<p>Cuando est\u00e1s abajo, t\u00fa sabes quienes son realmente tus amigos &#8230;<\/p>\n<p>No dependas de nadie en este mundo, porque hasta tu sombra te abandona cuando est\u00e1s en la oscuridad &#8230;<\/p>\n<p>Aprende a apreciar lo que tienes antes de que el tiempo te ense\u00f1e a apreciar lo que tuviste &#8230;<\/p>\n<p>Nunca te des por vencido si sientes que puedes seguir luchando &#8230;<\/p>\n<p>No esperes el momento perfecto, toma el momento y hazlo perfecto.<\/p>\n<p>La vida tiene 4 sentidos: amar, sufrir, luchar y ganar. El que ama sufre, el que sufre lucha &#8230; y el que lucha gana. Si eres un luchador &#8230; acu\u00e9rdate !!!<\/p>\n","protected":false},"excerpt":{"rendered":"<p>Reflexi\u00f3n comienzo juegos ol\u00edmpicos: Quien piensa en fracasar, ya fracas\u00f3 antes de intentar, quien piensa en ganar, lleva ya un paso por delante. \u00a027-07-2012 Sigmund Freud &#8212;&#8212;&#8212;&#8212;&#8212;&#8212;&#8211; Ense\u00f1ar no es transmitir ideas a otro, sino favorecer que el otro las descubra. (19-07-2012) Ortega y Gasset. &#8212;&#8212;&#8212;&#8212;&#8212;&#8212;&#8212; Tan equivocado es creerse m\u00e1s que nadie, como sentirse menos que los dem\u00e1s. (17-07-2012). Frase de mi amigo Sergio. &#8212;&#8212;&#8212;&#8212;&#8212;&#8212;&#8212;- &nbsp; Cuando est\u00e1s arriba, tus amigos saben qui\u00e9n eres &#8230; Cuando est\u00e1s abajo, t\u00fa sabes quienes son realmente tus amigos &#8230; No dependas de nadie en este mundo, porque hasta tu sombra te abandona cuando est\u00e1s en la oscuridad &#8230; Aprende a apreciar lo que tienes antes de que el tiempo te ense\u00f1e a apreciar lo que tuviste &#8230; Nunca te des por vencido si sientes que puedes seguir luchando &#8230; No esperes el momento perfecto, toma el momento y hazlo perfecto. La vida tiene 4 sentidos: amar, sufrir, luchar y ganar. El que ama sufre, el que sufre lucha &#8230; y el que lucha gana. Si eres un luchador &#8230; acu\u00e9rdate !!!<\/p>\n","protected":false},"author":1,"featured_media":0,"parent":0,"menu_order":0,"comment_status":"open","ping_status":"open","template":"reflexion-diaria.php","meta":{"footnotes":""},"class_list":["post-112","page","type-page","status-publish","hentry"],"_links":{"self":[{"href":"https:\/\/www.palentino.es\/blog\/wp-json\/wp\/v2\/pages\/112","targetHints":{"allow":["GET"]}}],"collection":[{"href":"https:\/\/www.palentino.es\/blog\/wp-json\/wp\/v2\/pages"}],"about":[{"href":"https:\/\/www.palentino.es\/blog\/wp-json\/wp\/v2\/types\/page"}],"author":[{"embeddable":true,"href":"https:\/\/www.palentino.es\/blog\/wp-json\/wp\/v2\/users\/1"}],"replies":[{"embeddable":true,"href":"https:\/\/www.palentino.es\/blog\/wp-json\/wp\/v2\/comments?post=112"}],"version-history":[{"count":8,"href":"https:\/\/www.palentino.es\/blog\/wp-json\/wp\/v2\/pages\/112\/revisions"}],"predecessor-version":[{"id":1486,"href":"https:\/\/www.palentino.es\/blog\/wp-json\/wp\/v2\/pages\/112\/revisions\/1486"}],"wp:attachment":[{"href":"https:\/\/www.palentino.es\/blog\/wp-json\/wp\/v2\/media?parent=112"}],"curies":[{"name":"wp","href":"https:\/\/api.w.org\/{rel}","templated":true}]}}