{"id":232,"date":"2012-07-09T08:26:31","date_gmt":"2012-07-09T08:26:31","guid":{"rendered":"http:\/\/www.palentino.es\/blog\/?page_id=232"},"modified":"2016-05-12T13:10:15","modified_gmt":"2016-05-12T11:10:15","slug":"enlaces","status":"publish","type":"page","link":"https:\/\/www.palentino.es\/blog\/enlaces\/","title":{"rendered":"Enlaces"},"content":{"rendered":"<p><strong>*- Enlaces externos a algunos del proyectos web en los que he participado.<\/strong><\/p>\n<p><a href=\"http:\/\/agenda.diputaciondepalencia.es\" target=\"_blank\">agenda.diputaciondepalencia.es<\/a><\/p>\n<p><a href=\"http:\/\/www.enoturismopalencia.com\/\" target=\"_blank\">www.enoturismopalencia.com<\/a><\/p>\n<p><a href=\"http:\/\/www.sanpeingenieria.es\" target=\"_blank\">www.sanpeingenieria.es<\/a><\/p>\n<p><a href=\"http:\/\/ghasesores.com\">www.ghasesores.com<\/a><\/p>\n<p><a href=\"http:\/\/www.apacid.com\" target=\"_blank\">www.apacid.com<\/a><\/p>\n<p><a href=\"http:\/\/www.camaraurbanaleon.es\" target=\"_blank\">www.camaraurbanaleon.es<\/a><\/p>\n<p><a href=\"http:\/\/www.cepa21restaurante.com\/\" target=\"_blank\">www.cepa21restaurante.com<\/a><\/p>\n<p><a href=\"http:\/\/www.hostalasadorlavasca.com\" target=\"_blank\">www.hostalasadorlavasca.com<\/a><\/p>\n<p><a href=\"http:\/\/www.quecos.es\" target=\"_blank\">www.quecos.es<\/a><\/p>\n<p><a style=\"line-height: 1.5em;\" href=\"http:\/\/www.faymasa.com\" target=\"_blank\">www.faymasa.com<\/a><\/p>\n<p><a href=\"http:\/\/www.ortega-soldadura.com\" target=\"_blank\">www.ortega-soldadura.com<\/a><\/p>\n<p><a href=\"http:\/\/www.padelcyl.es\" target=\"_blank\">www.padelcyl.es<\/a><\/p>\n<p><a href=\"http:\/\/www.cursos-communitymanager.es\" target=\"_blank\">www.cursos-communitymanager.es<\/a><\/p>\n<p><a href=\"http:\/\/www.cursos-formacionprofesional.es\" target=\"_blank\">www.cursos-formacionprofesional.es<\/a><\/p>\n<p><a href=\"http:\/\/www.aulaformacion.net\" target=\"_blank\">www.aulaformacion.net<\/a><\/p>\n<p><a href=\"http:\/\/www.albergueviatrajana.com\/\" target=\"_blank\">www.albergueviatrajana.com<\/a><\/p>\n<p><a href=\"http:\/\/www.camarascastillayleon.es\/\">www.camarascastillayleon.es<\/a><\/p>\n<p><a href=\"http:\/\/www.icvinmobiliarias.com\/\">www.icvinmobiliarias.com<\/a><\/p>\n<p><a href=\"http:\/\/www.fhvl.es\/\">www.fhvl.es<\/a><\/p>\n<p><a href=\"http:\/\/www.fundacionsancebrian.com\/\" target=\"_blank\">www.fundacionsancebrian.com<\/a><\/p>\n<p><a href=\"http:\/\/www.telecentros.info\/\">www.telecentros.info<\/a><\/p>\n<p><a href=\"http:\/\/www.sahagun.es\/sahagun\/\">www.sahagun.es<\/a><\/p>\n<p><a href=\"http:\/\/www.remolquesrodriguez.com\" target=\"_blank\">www.remolquesrodriguez.com<\/a><\/p>\n<p><a href=\"http:\/\/www.trazagest.com\">www.trazagest.com<\/a><\/p>\n<p><a href=\"http:\/\/www.wimbledon-valladolid.es\/\">www.wimbledon-valladolid.es<\/a><\/p>\n<p><a href=\"http:\/\/www.naturfenix.es\/naturfenix\/envio_cv.asp\">www.bolsadeempleo.com<\/a><\/p>\n<p><a href=\"http:\/\/www.rualmar.com\/\">www.rualmar.com<\/a><\/p>\n<p><a href=\"http:\/\/www.elhenar-servicios.es\/\">www.elhenar-servicios.es<\/a><\/p>\n<p><a href=\"http:\/\/www.ghasesores.com\" target=\"_blank\">www.ghasesores.com<\/a><\/p>\n<p><a href=\"http:\/\/www.dianapromocion.es\">www.dianapromocion.es<\/a><\/p>\n<p><a href=\"http:\/\/graficas-saldana.com\/\" target=\"_blank\">graficas-saldana.com<\/a><\/p>\n<p><a href=\"http:\/\/campus.fundaciongsr.es\/camci\/index.php?pid=home\" target=\"_blank\">campus.fundaciongsr.es<\/a><\/p>\n<p><a href=\"http:\/\/www.l-ingenieria.es\" target=\"_blank\">www.l-ingenieria.es<\/a><\/p>\n<p><a href=\"http:\/\/www.masterenergiasrenovables.com\" target=\"_blank\">www.masterenergiasrenovables.com<\/a><\/p>\n<p><a href=\"http:\/\/www.auladependencia.com\" target=\"_blank\">www.auladependencia.com<\/a><\/p>\n<p><a href=\"http:\/\/www.desarrollovillaquilambre.com\/\" target=\"_blank\">www.desarrollovillaquilambre.com<\/a><\/p>\n<p><a href=\"http:\/\/www.gerovitalh3.es\/\">www.gerovitalh3.es<\/a><\/p>\n<p><a href=\"http:\/\/www.excellence-innova.com\/\" target=\"_blank\">www.excellence-innova.com<\/a><\/p>\n<p><a href=\"http:\/\/www.ghasesores.com\" target=\"_blank\">www.ghasesores.com<\/a><\/p>\n<p><a href=\"http:\/\/www.pmconsultores.com\" target=\"_blank\">www.pmconsultores.com<\/a><\/p>\n<p><a href=\"http:\/\/www.cepa21restaurante.com \" target=\"_blank\">www.cepa21restaurante.com\u00a0<\/a><\/p>\n<p><a href=\"http:\/\/www.muscaridecoracion.es\" target=\"_blank\">www.muscaridecoracion.es<\/a><\/p>\n<p><a href=\"http:\/\/www.fundacioncfamelgar.es\" target=\"_blank\">www.fundacioncfamelgar.es<\/a><\/p>\n<p><a href=\"http:\/\/www.rualmar.com\" target=\"_blank\">www.rualmar.com<br \/>\n<\/a><\/p>\n<p><a href=\"http:\/\/www.etiquetasbacigalupe.es\" target=\"_blank\">www.etiquetasbacigalupe.es<br \/>\n<\/a><\/p>\n<p><a href=\"http:\/\/www.5restaurante.com\" target=\"_blank\">www.5restaurante.com<\/a><\/p>\n<p><a href=\"http:\/\/www.bodascepa21.es\" target=\"_blank\">www.bodascepa21.es<\/a><\/p>\n<p><a href=\"http:\/\/www.hormigonesfranciadelegido.com\" target=\"_blank\">www.hormigonesfranciadelegido.com<\/a><\/p>\n<p><strong>Me cans\u00e9 ;-), etc, etc &#8230;<\/strong><\/p>\n<p>&nbsp;<\/p>\n<p><strong> &#8211; Otros enlaces de inter\u00e9s<\/strong><\/p>\n<p>Acceso a la <a href=\"https:\/\/chrome.google.com\/webstore\/detail\/notificador-de-menciones\/cpigmjifadcnondimkijpkohhakohpia\" target=\"_blank\">MenciONaME<\/a>, extensi\u00f3n para Google Chrome.<\/p>\n<p><a href=\"http:\/\/www.aytopalencia.es\/\">www.aytopalencia.es<\/a><\/p>\n<p><a href=\"http:\/\/www.dip-palencia.es\/\">www.dip-palencia.es<\/a><\/p>\n<p><a href=\"http:\/\/www.palentino.es\/palencia\" target=\"_blank\">www.palentino.es\/palencia<\/a><\/p>\n<p><a href=\"http:\/\/www.cressanz.tk\" target=\"_blank\">www.cressanz.tk<\/a><\/p>\n<p><strong><strong>&#8211; Acceso alternativo al blog<\/strong><\/strong><\/p>\n<p>&#8211; <strong><a title=\"de la Cuesta - Palencia\" href=\"http:\/\/www.delacuesta.eu\" target=\"_blank\">http:\/\/www.delacuesta.eu<\/a> : Europa<\/strong><\/p>\n<p><strong>&#8211; <a href=\"http:\/\/www.palentino.tk\">http:\/\/www.palentino.tk\u00a0<\/a><\/strong><\/p>\n<h6 style=\"text-align: justify;\">* IMPORTANTE: No me hago responsable del contenido de los enlaces, ni de sus cambios por parte de las fuentes. Todos ellos son externos.<\/h6>\n<h6>Cualquier tipo de notificaci\u00f3n, o acceso a contenido malicioso, por favor, no duden en\u00a0comunic\u00e1rmelo\u00a0para desactivar el enlace. Gracias.<\/h6>\n","protected":false},"excerpt":{"rendered":"<p>*- Enlaces externos a algunos del proyectos web en los que he participado. agenda.diputaciondepalencia.es www.enoturismopalencia.com www.sanpeingenieria.es www.ghasesores.com www.apacid.com www.camaraurbanaleon.es www.cepa21restaurante.com www.hostalasadorlavasca.com www.quecos.es www.faymasa.com www.ortega-soldadura.com www.padelcyl.es www.cursos-communitymanager.es www.cursos-formacionprofesional.es www.aulaformacion.net www.albergueviatrajana.com www.camarascastillayleon.es www.icvinmobiliarias.com www.fhvl.es www.fundacionsancebrian.com www.telecentros.info www.sahagun.es www.remolquesrodriguez.com www.trazagest.com www.wimbledon-valladolid.es www.bolsadeempleo.com www.rualmar.com www.elhenar-servicios.es www.ghasesores.com www.dianapromocion.es graficas-saldana.com campus.fundaciongsr.es www.l-ingenieria.es www.masterenergiasrenovables.com www.auladependencia.com www.desarrollovillaquilambre.com www.gerovitalh3.es www.excellence-innova.com www.ghasesores.com www.pmconsultores.com www.cepa21restaurante.com\u00a0 www.muscaridecoracion.es www.fundacioncfamelgar.es www.rualmar.com www.etiquetasbacigalupe.es www.5restaurante.com www.bodascepa21.es www.hormigonesfranciadelegido.com Me cans\u00e9 ;-), etc, etc &#8230; &nbsp; &#8211; Otros enlaces de inter\u00e9s Acceso a la MenciONaME, extensi\u00f3n para Google Chrome. www.aytopalencia.es www.dip-palencia.es www.palentino.es\/palencia www.cressanz.tk &#8211; Acceso alternativo al blog &#8211; http:\/\/www.delacuesta.eu : Europa &#8211; http:\/\/www.palentino.tk\u00a0 * IMPORTANTE: No me hago responsable del contenido de los enlaces, ni de sus cambios por parte de las fuentes. Todos ellos son externos. Cualquier tipo de notificaci\u00f3n, o acceso a contenido malicioso, por favor, no duden en\u00a0comunic\u00e1rmelo\u00a0para desactivar el enlace. Gracias.<\/p>\n","protected":false},"author":1,"featured_media":0,"parent":0,"menu_order":0,"comment_status":"open","ping_status":"open","template":"","meta":{"footnotes":""},"class_list":["post-232","page","type-page","status-publish","hentry"],"_links":{"self":[{"href":"https:\/\/www.palentino.es\/blog\/wp-json\/wp\/v2\/pages\/232","targetHints":{"allow":["GET"]}}],"collection":[{"href":"https:\/\/www.palentino.es\/blog\/wp-json\/wp\/v2\/pages"}],"about":[{"href":"https:\/\/www.palentino.es\/blog\/wp-json\/wp\/v2\/types\/page"}],"author":[{"embeddable":true,"href":"https:\/\/www.palentino.es\/blog\/wp-json\/wp\/v2\/users\/1"}],"replies":[{"embeddable":true,"href":"https:\/\/www.palentino.es\/blog\/wp-json\/wp\/v2\/comments?post=232"}],"version-history":[{"count":74,"href":"https:\/\/www.palentino.es\/blog\/wp-json\/wp\/v2\/pages\/232\/revisions"}],"predecessor-version":[{"id":8898,"href":"https:\/\/www.palentino.es\/blog\/wp-json\/wp\/v2\/pages\/232\/revisions\/8898"}],"wp:attachment":[{"href":"https:\/\/www.palentino.es\/blog\/wp-json\/wp\/v2\/media?parent=232"}],"curies":[{"name":"wp","href":"https:\/\/api.w.org\/{rel}","templated":true}]}}