{"id":6386,"date":"2014-02-04T17:02:14","date_gmt":"2014-02-04T16:02:14","guid":{"rendered":"http:\/\/www.palentino.es\/blog\/?page_id=6386"},"modified":"2014-02-04T17:07:18","modified_gmt":"2014-02-04T16:07:18","slug":"politica-de-cookies-2","status":"publish","type":"page","link":"https:\/\/www.palentino.es\/blog\/politica-de-cookies-2\/","title":{"rendered":"Pol\u00edtica de cookies"},"content":{"rendered":"<h1 style=\"text-align: left;\"><span style=\"font-size: 14px; line-height: 1.5em;\">De acuerdo con la normativa vigente mi blog particular facilita a los Usuarios la informaci\u00f3n relativa a las cookies que utiliza y el motivo de su uso en el portal <\/span><a style=\"font-size: 14px; line-height: 1.5em;\" href=\"http:\/\/www.palentino.es\" target=\"_blank\">palentino.es\u00a0<\/a><span style=\"font-size: 14px; line-height: 1.5em;\">en adelante referido como \u201csitio web\u201d), as\u00ed como solicita su consentimiento para poder utilizarlas.<\/span><\/h1>\n<div>\n<p style=\"text-align: left;\">El sitio web, al igual que la mayor\u00eda de los sitios en Internet, usa Cookies para mejorar y optimizar la experiencia del usuario. A continuaci\u00f3n encontrar\u00e1s informaci\u00f3n detallada sobre qu\u00e9 son las \u201cCookies\u201d, qu\u00e9 tipolog\u00eda utiliza el sitio web, c\u00f3mo puedes desactivarlas en tu navegador y c\u00f3mo bloquear espec\u00edficamente la instalaci\u00f3n de Cookies de terceros.<\/p>\n<h2>\u00bfQu\u00e9 son las Cookies y c\u00f3mo las utiliza el sitio web?<\/h2>\n<p>Las Cookies son peque\u00f1os archivos que el sitio web o la aplicaci\u00f3n que utilizas instala en tu navegador o en tu dispositivo (Smartphone, tableta o televisi\u00f3n conectada) durante tu recorrido por las p\u00e1ginas o por la aplicaci\u00f3n, y sirven para almacenar informaci\u00f3n de tu visita. Como la mayor\u00eda de los sitios en internet, el sitio web utiliza Cookies para:<\/p>\n<ul>\n<li>Asegurar que las p\u00e1ginas web pueden funcionar correctamente<\/li>\n<li>Almacenar tus preferencias, como el idioma que has seleccionado o el tama\u00f1o de letra.<\/li>\n<li>Conocer la experiencia de navegaci\u00f3n.<\/li>\n<li>Recopilar informaci\u00f3n estad\u00edstica an\u00f3nima, como qu\u00e9 p\u00e1ginas ha visto el Usuario o cu\u00e1nto tiempo ha estado en nuestros medios.<\/li>\n<li>El sitio web utiliza Cookies para funcionar, adaptar y facilitar al m\u00e1ximo la navegaci\u00f3n del Usuario.<\/li>\n<\/ul>\n<p style=\"text-align: justify;\">Las Cookies se asocian \u00fanicamente a un Usuario an\u00f3nimo y su ordenador\/dispositivo y no proporcionan referencias que permitan conocer datos personales. En todo momento podr\u00e1s acceder a la configuraci\u00f3n de tu navegador para modificar y\/o bloquear la instalaci\u00f3n de las Cookies enviadas por el sitio web, sin que ello impida al acceso a los contenidos. Sin embargo, la calidad del funcionamiento de los Servicios puede verse afectada.<\/p>\n<h2>\u00bfPor qu\u00e9 son importantes?<\/h2>\n<ul>\n<li>Desde un punto de vista t\u00e9cnico, permiten que los sitios web funcionen de forma m\u00e1s \u00e1gil y adaptada a las preferencias de los Usuarios, como por ejemplo almacenar el idioma, la moneda del pa\u00eds o detectar el dispositivo de acceso.<\/li>\n<li>Establecen niveles de protecci\u00f3n y seguridad que impiden o dificultan ciberataques contra el sitio web o sus Usuarios.<\/li>\n<li>Permiten que los gestores de los medios puedan conocer datos estad\u00edsticos recopilados en las Cookies para mejorar la calidad y experiencia de sus servicios.<\/li>\n<li>Pueden servir para optimizar la publicidad que mostramos en el Portal y para personalizar dicha publicidad conforme a los h\u00e1bitos de navegaci\u00f3n de los Usuarios.<\/li>\n<\/ul>\n<h2>\u00bfCu\u00e1les son los diferentes tipos de Cookies que utiliza el sitio web?<\/h2>\n<p>Las Cookies de sesi\u00f3n expiran cuando el Usuario abandona la p\u00e1gina o cierra el navegador, es decir, est\u00e1n activas mientras dura la visita al sitio web y por tanto son borradas de nuestro ordenador al abandonarlo.<br \/>\nLas Cookies persistentes son un tipo de cookies en el que los datos siguen almacenados en el terminal y a los que se puede acceder y tratar durante un periodo definido por el responsable de la cookie, y que puede ir de unos minutos a varios a\u00f1os.<br \/>\nPor otro lado, seg\u00fan quien sea la entidad que gestione el equipo o dominio desde donde se env\u00edan las cookies y trate los datos que se obtengan, podemos distinguir entre Cookies propias y de terceros.<\/p>\n<ul>\n<li>Las Cookies propias son aquellas Cookies que son enviadas a tu ordenador y gestionadas exclusivamente por el sitio web para el mejor funcionamiento de nuestro Portal. La informaci\u00f3n que recabamos se emplea para mejorar la calidad de nuestro servicio.<\/li>\n<li>Si interact\u00faas con el contenido del sitio web tambi\u00e9n pueden establecerse Cookies de terceros (por ejemplo, al pulsar botones de redes sociales o visionar v\u00eddeos alojados en otro sitio web), que son aquellas establecidas por un dominio diferente del sitio web. Los registros realizados en las redes sociales y las cookies asociadas a las mismas, quedan sometidas a su pol\u00edtica de cookies.<\/li>\n<\/ul>\n<p>Navegar por el sitio web supone que se puedan instalar los siguientes tipos de Cookies:<\/p>\n<ul>\n<li>AddThis:\u00a0Facilidades para compartir via social media. Registra los visitantes que lo emplean.<\/li>\n<li>Zopim:\u00a0Nos permite live chat para dar soporte y resolver dudas de forma directa a los clientes y usuarios de la web.<\/li>\n<li>Youtube:\u00a0Video embebido que est\u00e1 relacionado con el contenido mostrado.<\/li>\n<li>Cookies empleadas por google en su publicidad Adsense.<\/li>\n<\/ul>\n<h2>\u00bfC\u00f3mo puedo configurar mis Cookies?<\/h2>\n<p>Al navegar y continuar en el sitio web estar\u00e1 consintiendo el uso de las Cookies en las condiciones contenidas en la presente Pol\u00edtica de Cookies. El sitio web proporciona acceso a esta Pol\u00edtica de Cookies con el objetivo de que el Usuario est\u00e9 informado, y sin perjuicio de que \u00e9ste pueda ejercer su derecho a bloquear, eliminar y rechazar el uso de Cookies en todo momento.<\/p>\n<p>En cualquier caso le informamos que puede bloquearlas o deshabilitarlas activando la configuraci\u00f3n de su navegador, que le permite rechazar la instalaci\u00f3n de todas las Cookies o de algunas de ellas. La pr\u00e1ctica mayor\u00eda de los navegadores permiten advertir de la presencia de Cookies o rechazarlas autom\u00e1ticamente. Si las rechaza podr\u00e1 seguir usando nuestro Portal, aunque el uso de algunos de sus servicios podr\u00e1 ser limitado y por tanto su experiencia en nuestro Portal menos satisfactoria.<\/p>\n<p>A continuaci\u00f3n te indicamos los links de los principales navegadores y dispositivos para que dispongas de toda la informaci\u00f3n para consultar c\u00f3mo gestionar las cookies en tu navegador.<\/p>\n<p>Internet Explorer:<br \/>\n<a href=\"http:\/\/windows.microsoft.com\/es-es\/internet-explorer\/delete-manage-cookies#ie=ie-11\" target=\"_blank\">http:\/\/windows.microsoft.com\/es-es\/internet-explorer\/delete-manage-cookies#ie=ie-11<\/a><\/p>\n<p>Safari:<br \/>\n<a href=\"http:\/\/support.apple.com\/kb\/HT1677?viewlocale=es_ES\" target=\"_blank\">http:\/\/support.apple.com\/kb\/HT1677?viewlocale=es_ES<\/a><\/p>\n<p>Google Chrome:<br \/>\n<a href=\"https:\/\/support.google.com\/chrome\/answer\/95647?hl=es&amp;hlrm=en\" target=\"_blank\">https:\/\/support.google.com\/chrome\/answer\/95647?hl=es&amp;hlrm=en<\/a><\/p>\n<p>Mozilla Firefox:<br \/>\n<a href=\"http:\/\/support.mozilla.org\/es\/kb\/cookies-informacion-que-los-sitios-web-guardan-en-?redirectlocale=en-US&amp;redirectslug=Cookies\" target=\"_blank\">http:\/\/support.mozilla.org\/es\/kb\/cookies-informacion-que-los-sitios-web-guardan-en-?redirectlocale=en-US&amp;redirectslug=Cookies<\/a><\/p>\n<p>El Usuario puede revocar su consentimiento para el uso de cookies (opt-out), en su navegador, a trav\u00e9s de la configuraci\u00f3n de las opciones que los navegadores ponen a su disposici\u00f3n para esta finalidad.<\/p>\n<h2>\u00bfActualizo la Pol\u00edtica de Cookies?<\/h2>\n<p>El sitio web puede modificar esta Pol\u00edtica de Cookies en funci\u00f3n de nuevas exigencias legislativas, reglamentarias, o con la finalidad de adaptar dicha pol\u00edtica a las instrucciones dictadas por la Agencia Espa\u00f1ola de Protecci\u00f3n de Datos.<\/p>\n<p>Por ello, es posible que actualice \u00a0la Pol\u00edtica de Cookies de nuestro Portal, recomend\u00e1ndole revisar esta pol\u00edtica en alguna ocasi\u00f3n que acceda al sitio web, con el objetivo de estar adecuadamente informado sobre c\u00f3mo y para qu\u00e9 usamos las Cookies.<\/p>\n<\/div>\n","protected":false},"excerpt":{"rendered":"<p>De acuerdo con la normativa vigente mi blog particular facilita a los Usuarios la informaci\u00f3n relativa a las cookies que utiliza y el motivo de su uso en el portal palentino.es\u00a0en adelante referido como \u201csitio web\u201d), as\u00ed como solicita su consentimiento para poder utilizarlas. El sitio web, al igual que la mayor\u00eda de los sitios en Internet, usa Cookies para mejorar y optimizar la experiencia del usuario. A continuaci\u00f3n encontrar\u00e1s informaci\u00f3n detallada sobre qu\u00e9 son las \u201cCookies\u201d, qu\u00e9 tipolog\u00eda utiliza el sitio web, c\u00f3mo puedes desactivarlas en tu navegador y c\u00f3mo bloquear espec\u00edficamente la instalaci\u00f3n de Cookies de terceros. \u00bfQu\u00e9 son las Cookies y c\u00f3mo las utiliza el sitio web? Las Cookies son peque\u00f1os archivos que el sitio web o la aplicaci\u00f3n que utilizas instala en tu navegador o en tu dispositivo (Smartphone, tableta o televisi\u00f3n conectada) durante tu recorrido por las p\u00e1ginas o por la aplicaci\u00f3n, y sirven para almacenar informaci\u00f3n de tu visita. Como la mayor\u00eda de los sitios en internet, el sitio web utiliza Cookies para: Asegurar que las p\u00e1ginas web pueden funcionar correctamente Almacenar tus preferencias, como el idioma que has seleccionado o el tama\u00f1o de letra. Conocer la experiencia de navegaci\u00f3n. Recopilar informaci\u00f3n estad\u00edstica an\u00f3nima, como qu\u00e9 p\u00e1ginas ha visto el Usuario o cu\u00e1nto tiempo ha estado en nuestros medios. El sitio web utiliza Cookies para funcionar, adaptar y facilitar al m\u00e1ximo la navegaci\u00f3n del Usuario. Las Cookies se asocian \u00fanicamente a un Usuario an\u00f3nimo y su ordenador\/dispositivo y no proporcionan referencias que permitan conocer datos personales. En todo momento podr\u00e1s acceder a la configuraci\u00f3n de tu navegador para modificar y\/o bloquear la instalaci\u00f3n de las Cookies enviadas por el sitio web, sin que ello impida al acceso a los contenidos. Sin embargo, la calidad del funcionamiento de los Servicios puede verse afectada. \u00bfPor qu\u00e9<\/p>\n<p><a href=\"https:\/\/www.palentino.es\/blog\/politica-de-cookies-2\/\">(M\u00e1s)\u2026<\/a><\/p>\n","protected":false},"author":1,"featured_media":4576,"parent":0,"menu_order":0,"comment_status":"open","ping_status":"open","template":"","meta":{"footnotes":""},"class_list":["post-6386","page","type-page","status-publish","has-post-thumbnail","hentry"],"_links":{"self":[{"href":"https:\/\/www.palentino.es\/blog\/wp-json\/wp\/v2\/pages\/6386","targetHints":{"allow":["GET"]}}],"collection":[{"href":"https:\/\/www.palentino.es\/blog\/wp-json\/wp\/v2\/pages"}],"about":[{"href":"https:\/\/www.palentino.es\/blog\/wp-json\/wp\/v2\/types\/page"}],"author":[{"embeddable":true,"href":"https:\/\/www.palentino.es\/blog\/wp-json\/wp\/v2\/users\/1"}],"replies":[{"embeddable":true,"href":"https:\/\/www.palentino.es\/blog\/wp-json\/wp\/v2\/comments?post=6386"}],"version-history":[{"count":5,"href":"https:\/\/www.palentino.es\/blog\/wp-json\/wp\/v2\/pages\/6386\/revisions"}],"predecessor-version":[{"id":6391,"href":"https:\/\/www.palentino.es\/blog\/wp-json\/wp\/v2\/pages\/6386\/revisions\/6391"}],"wp:featuredmedia":[{"embeddable":true,"href":"https:\/\/www.palentino.es\/blog\/wp-json\/wp\/v2\/media\/4576"}],"wp:attachment":[{"href":"https:\/\/www.palentino.es\/blog\/wp-json\/wp\/v2\/media?parent=6386"}],"curies":[{"name":"wp","href":"https:\/\/api.w.org\/{rel}","templated":true}]}}