{"id":7651,"date":"2015-03-12T09:28:17","date_gmt":"2015-03-12T08:28:17","guid":{"rendered":"http:\/\/www.palentino.es\/blog\/?page_id=7651"},"modified":"2015-03-15T00:52:11","modified_gmt":"2015-03-14T23:52:11","slug":"buscador-de-passwords","status":"publish","type":"page","link":"https:\/\/www.palentino.es\/blog\/buscador-de-passwords\/","title":{"rendered":"Buscador de passwords"},"content":{"rendered":"<p>Gracias a este buscador podr\u00e1s localizar las contrase\u00f1as por defecto de m\u00e1s de <strong>2000<\/strong> dispositivos.<br \/>\nVersi\u00f3n beta 1, fecha lanzamiento 13-03-2015.<br \/>\nPor Oscar de la Cuesta.<br \/>\n<a href=\"http:\/\/www.palentino.es\" target=\"_blank\">www.palentino.es<\/a><\/p>\n<p>He recopilado esta informaci\u00f3n en una base de datos de consulta libre.<\/p>\n<p><img loading=\"lazy\" decoding=\"async\" class=\"aligncenter size-full wp-image-6878\" src=\"http:\/\/www.palentino.es\/blog\/wp-content\/uploads\/2014\/06\/fuentes-web.jpg\" alt=\"fuentes-web\" width=\"150\" height=\"150\" \/><\/p>\n","protected":false},"excerpt":{"rendered":"<p>Gracias a este buscador podr\u00e1s localizar las contrase\u00f1as por defecto de m\u00e1s de 2000 dispositivos. Versi\u00f3n beta 1, fecha lanzamiento 13-03-2015. Por Oscar de la Cuesta. www.palentino.es He recopilado esta informaci\u00f3n en una base de datos de consulta libre.<\/p>\n","protected":false},"author":1,"featured_media":5050,"parent":0,"menu_order":0,"comment_status":"open","ping_status":"open","template":"buscador-de-passwords.php","meta":{"footnotes":""},"class_list":["post-7651","page","type-page","status-publish","has-post-thumbnail","hentry"],"_links":{"self":[{"href":"https:\/\/www.palentino.es\/blog\/wp-json\/wp\/v2\/pages\/7651","targetHints":{"allow":["GET"]}}],"collection":[{"href":"https:\/\/www.palentino.es\/blog\/wp-json\/wp\/v2\/pages"}],"about":[{"href":"https:\/\/www.palentino.es\/blog\/wp-json\/wp\/v2\/types\/page"}],"author":[{"embeddable":true,"href":"https:\/\/www.palentino.es\/blog\/wp-json\/wp\/v2\/users\/1"}],"replies":[{"embeddable":true,"href":"https:\/\/www.palentino.es\/blog\/wp-json\/wp\/v2\/comments?post=7651"}],"version-history":[{"count":4,"href":"https:\/\/www.palentino.es\/blog\/wp-json\/wp\/v2\/pages\/7651\/revisions"}],"predecessor-version":[{"id":7702,"href":"https:\/\/www.palentino.es\/blog\/wp-json\/wp\/v2\/pages\/7651\/revisions\/7702"}],"wp:featuredmedia":[{"embeddable":true,"href":"https:\/\/www.palentino.es\/blog\/wp-json\/wp\/v2\/media\/5050"}],"wp:attachment":[{"href":"https:\/\/www.palentino.es\/blog\/wp-json\/wp\/v2\/media?parent=7651"}],"curies":[{"name":"wp","href":"https:\/\/api.w.org\/{rel}","templated":true}]}}