{"id":8047,"date":"2015-06-30T12:26:28","date_gmt":"2015-06-30T10:26:28","guid":{"rendered":"http:\/\/www.palentino.es\/blog\/?page_id=8047"},"modified":"2015-06-30T17:34:45","modified_gmt":"2015-06-30T15:34:45","slug":"buscador-de-acronimos-y-terminos-tic","status":"publish","type":"page","link":"https:\/\/www.palentino.es\/blog\/buscador-de-acronimos-y-terminos-tic\/","title":{"rendered":"Buscador de acr\u00f3nimos y t\u00e9rminos TIC &#8211; Tecnolog\u00edas de la informaci\u00f3n y Comunicaci\u00f3n"},"content":{"rendered":"<p>Si lo deseas, tambi\u00e9n puedes descargarte la base de datos en formato _Microsoft Access 2007 o superior (.accdb)<\/p>\n<p>Desde este <a href=\"http:\/\/www.palentino.es\/accdb\/acronimos-TIC.accdb\" target=\"_blank\">enlace<\/a>.<\/p>\n<p>&nbsp;<\/p>\n","protected":false},"excerpt":{"rendered":"<p>Si lo deseas, tambi\u00e9n puedes descargarte la base de datos en formato _Microsoft Access 2007 o superior (.accdb) Desde este enlace. &nbsp;<\/p>\n","protected":false},"author":1,"featured_media":6878,"parent":0,"menu_order":0,"comment_status":"open","ping_status":"open","template":"buscador-de-acronimos.php","meta":{"footnotes":""},"class_list":["post-8047","page","type-page","status-publish","has-post-thumbnail","hentry"],"_links":{"self":[{"href":"https:\/\/www.palentino.es\/blog\/wp-json\/wp\/v2\/pages\/8047","targetHints":{"allow":["GET"]}}],"collection":[{"href":"https:\/\/www.palentino.es\/blog\/wp-json\/wp\/v2\/pages"}],"about":[{"href":"https:\/\/www.palentino.es\/blog\/wp-json\/wp\/v2\/types\/page"}],"author":[{"embeddable":true,"href":"https:\/\/www.palentino.es\/blog\/wp-json\/wp\/v2\/users\/1"}],"replies":[{"embeddable":true,"href":"https:\/\/www.palentino.es\/blog\/wp-json\/wp\/v2\/comments?post=8047"}],"version-history":[{"count":4,"href":"https:\/\/www.palentino.es\/blog\/wp-json\/wp\/v2\/pages\/8047\/revisions"}],"predecessor-version":[{"id":8056,"href":"https:\/\/www.palentino.es\/blog\/wp-json\/wp\/v2\/pages\/8047\/revisions\/8056"}],"wp:featuredmedia":[{"embeddable":true,"href":"https:\/\/www.palentino.es\/blog\/wp-json\/wp\/v2\/media\/6878"}],"wp:attachment":[{"href":"https:\/\/www.palentino.es\/blog\/wp-json\/wp\/v2\/media?parent=8047"}],"curies":[{"name":"wp","href":"https:\/\/api.w.org\/{rel}","templated":true}]}}