{"id":916,"date":"2012-07-20T06:26:00","date_gmt":"2012-07-20T06:26:00","guid":{"rendered":"http:\/\/www.palentino.es\/blog\/?page_id=916"},"modified":"2012-12-13T22:00:03","modified_gmt":"2012-12-13T21:00:03","slug":"sugiere-colabora","status":"publish","type":"page","link":"https:\/\/www.palentino.es\/blog\/sugiere-colabora\/","title":{"rendered":"Sugiere-colabora"},"content":{"rendered":"<p style=\"text-align: justify;\">Puedes enviarme una solicitud sobre alg\u00fan tema que pueda resultarte de inter\u00e9s para la<strong> creaci\u00f3n de futuros POST<\/strong>.<\/p>\n<p style=\"text-align: justify;\">Para ello, env\u00edame un correo a la direcci\u00f3n del apartado contacto. (no la pongo en html por motivos de spam).<\/p>\n<p style=\"text-align: justify;\">Direcci\u00f3n: oscar<strong>[arroba]<\/strong>palentino.es \u00f3 haciendo clic en el icono del buz\u00f3n de la parte superior derecha de la p\u00e1gina.<\/p>\n<p style=\"text-align: justify;\">Tambi\u00e9n puede ser tuyo. Mencionar\u00e9 la fuente y se respetar\u00e1 el autor. Prefiero que est\u00e9n relacionados con la inform\u00e1tica en general.<\/p>\n<p>&nbsp;<\/p>\n<p><a href=\"mailto:\/\/oscar@palentino.es\" target=\"_blank\"><img decoding=\"async\" class=\"aligncenter\" alt=\"E-mail\" src=\"http:\/\/www.palentino.es\/blog\/wp-content\/themes\/response\/images\/social\/legacy\/email.png\" \/><\/a><\/p>\n<p>&nbsp;<\/p>\n<p>Saludos y muchas gracias. Espero vuestras sugerencias.<\/p>\n<p>&nbsp;<\/p>\n","protected":false},"excerpt":{"rendered":"<p>Puedes enviarme una solicitud sobre alg\u00fan tema que pueda resultarte de inter\u00e9s para la creaci\u00f3n de futuros POST. Para ello, env\u00edame un correo a la direcci\u00f3n del apartado contacto. (no la pongo en html por motivos de spam). Direcci\u00f3n: oscar[arroba]palentino.es \u00f3 haciendo clic en el icono del buz\u00f3n de la parte superior derecha de la p\u00e1gina. Tambi\u00e9n puede ser tuyo. Mencionar\u00e9 la fuente y se respetar\u00e1 el autor. Prefiero que est\u00e9n relacionados con la inform\u00e1tica en general. &nbsp; &nbsp; Saludos y muchas gracias. Espero vuestras sugerencias. &nbsp;<\/p>\n","protected":false},"author":1,"featured_media":0,"parent":0,"menu_order":0,"comment_status":"open","ping_status":"open","template":"","meta":{"footnotes":""},"class_list":["post-916","page","type-page","status-publish","hentry"],"_links":{"self":[{"href":"https:\/\/www.palentino.es\/blog\/wp-json\/wp\/v2\/pages\/916","targetHints":{"allow":["GET"]}}],"collection":[{"href":"https:\/\/www.palentino.es\/blog\/wp-json\/wp\/v2\/pages"}],"about":[{"href":"https:\/\/www.palentino.es\/blog\/wp-json\/wp\/v2\/types\/page"}],"author":[{"embeddable":true,"href":"https:\/\/www.palentino.es\/blog\/wp-json\/wp\/v2\/users\/1"}],"replies":[{"embeddable":true,"href":"https:\/\/www.palentino.es\/blog\/wp-json\/wp\/v2\/comments?post=916"}],"version-history":[{"count":16,"href":"https:\/\/www.palentino.es\/blog\/wp-json\/wp\/v2\/pages\/916\/revisions"}],"predecessor-version":[{"id":926,"href":"https:\/\/www.palentino.es\/blog\/wp-json\/wp\/v2\/pages\/916\/revisions\/926"}],"wp:attachment":[{"href":"https:\/\/www.palentino.es\/blog\/wp-json\/wp\/v2\/media?parent=916"}],"curies":[{"name":"wp","href":"https:\/\/api.w.org\/{rel}","templated":true}]}}